{"id":113,"date":"2023-12-02T23:44:05","date_gmt":"2023-12-02T22:44:05","guid":{"rendered":"https:\/\/swist.tech\/?page_id=113"},"modified":"2023-12-15T00:27:48","modified_gmt":"2023-12-14T23:27:48","slug":"group-swist","status":"publish","type":"page","link":"https:\/\/swist.tech\/?page_id=113","title":{"rendered":"CEZARY \u015aWIST GROUP"},"content":{"rendered":"\n<p><\/p>\n\n\n<div class=\"wp-block-image\">\n<figure class=\"aligncenter size-full is-resized\"><img loading=\"lazy\" decoding=\"async\" width=\"321\" height=\"348\" src=\"http:\/\/swist.tech\/wp-content\/uploads\/2023\/11\/CS.jpg\" alt=\"\" class=\"wp-image-39\" style=\"width:236px;height:auto\" srcset=\"https:\/\/swist.tech\/wp-content\/uploads\/2023\/11\/CS.jpg 321w, https:\/\/swist.tech\/wp-content\/uploads\/2023\/11\/CS-277x300.jpg 277w\" sizes=\"auto, (max-width: 321px) 100vw, 321px\" \/><\/figure>\n<\/div>\n\n\n<p><\/p>\n\n\n\n<p class=\"has-black-color has-text-color has-link-color has-medium-font-size wp-elements-f897df30d35471b56f8e7bf0bf91fe45\" style=\"font-style:normal;font-weight:500\">Cezary \u015awist Group to firma z bran\u017cy in\u017cynierii i projektowania, z dum\u0105 oferuj\u0105ca kompleksowe us\u0142ugi w zakresie infrastruktury. Firma, wraz z zespo\u0142em wsp\u00f3\u0142pracownik\u00f3w, specjalizuje si\u0119 w \u015bwiadczeniu wysokiej jako\u015bci us\u0142ug in\u017cynieryjnych oraz projektowych.<\/p>\n\n\n\n<p class=\"has-black-color has-text-color has-link-color has-medium-font-size wp-elements-51a31e451f43690c651892ef669dce64\" style=\"font-style:normal;font-weight:500\">Nasze Us\u0142ugi:<\/p>\n\n\n\n<p class=\"has-black-color has-text-color has-link-color has-medium-font-size wp-elements-a7de2718a6067a339ad7d6cfa7ac25a2\" style=\"font-style:normal;font-weight:500\">1. <strong>Pe\u0142nienie Funkcji In\u017cyniera Kontraktu FIDIC:<\/strong> Zapewniamy profesjonalne wsparcie na ka\u017cdym etapie projektu, pe\u0142ni\u0105c funkcj\u0119 in\u017cyniera Kontraktu FIDIC, zgodnie z najwy\u017cszymi standardami bran\u017cowymi.<\/p>\n\n\n\n<p class=\"has-black-color has-text-color has-link-color has-medium-font-size wp-elements-9a093697c78aec5b8ec34b40dc7ddea8\" style=\"font-style:normal;font-weight:500\">2.<strong>Projektowanie Sieci i Instalacji: <\/strong>Nasze do\u015bwiadczenie obejmuje kompleksowe projektowanie sieci, w tym kanalizacji sanitarnej, deszczowej, technologicznej, wodoci\u0105gowej, ciep\u0142owniczej, gazowej, a tak\u017ce instalacji centralnego ogrzewania, wodoci\u0105gowych, gazowych, solarnych.<\/p>\n\n\n\n<p class=\"has-black-color has-text-color has-link-color has-medium-font-size wp-elements-7d03d00ed0b8c3e6bdc35f8a71ea5200\" style=\"font-style:normal;font-weight:500\">3.<strong>Efektywno\u015b\u0107 Energetyczna:<\/strong> Oferujemy wykonywanie \u015bwiadectw energetycznych, audyt\u00f3w energetycznych oraz audyt\u00f3w efektywno\u015bci energetycznej, pomagaj\u0105c naszym klientom w optymalizacji zu\u017cycia energii.<\/p>\n\n\n\n<p class=\"has-black-color has-text-color has-link-color has-medium-font-size wp-elements-5524bfd9212d2ddd125f2c51a50404d3\" style=\"font-style:normal;font-weight:500\">4.<strong>Nadz\u00f3r Inwestorski:<\/strong> \u015awiadczymy us\u0142ugi nadzoru inwestorskiego w zakresie sieci i instalacji sanitarnych, dbaj\u0105c o zgodno\u015b\u0107 z za\u0142o\u017ceniami projektowymi i terminowym realizacj\u0105 inwestycji.<\/p>\n\n\n\n<p class=\"has-black-color has-text-color has-link-color has-medium-font-size wp-elements-e730e96161937c462d178ac810d4a7ca\" style=\"font-style:normal;font-weight:500\">5.<strong>Kierowanie Robotami Budowlanymi w Zakresie Sieci i Instalacji Sanitarnych:<\/strong> Kierujemy z pe\u0142nym zaanga\u017cowaniem i nadzorujemy wszystkimi aspektami procesu budowlanego w obszarze sieci i instalacji sanitarnych.<\/p>\n\n\n\n<p class=\"has-black-color has-text-color has-link-color has-medium-font-size wp-elements-c772ddeecfc190d1c15a7872c4c6d437\" style=\"font-style:normal;font-weight:500\">Cezary \u015awist Group to partner, na kt\u00f3rego mo\u017cna polega\u0107, dostarczaj\u0105cy kompleksowe rozwi\u0105zania in\u017cynieryjne. Skontaktuj si\u0119 z nami, aby rozpocz\u0105\u0107 wsp\u00f3\u0142prac\u0119 i zrealizowa\u0107 swoje projekty z profesjonalizmem i zaanga\u017cowaniem, na jakie zas\u0142ugujesz.<\/p>\n","protected":false},"excerpt":{"rendered":"<p>Cezary \u015awist Group to firma z bran\u017cy in\u017cynierii i projektowania, z dum\u0105 oferuj\u0105ca kompleksowe us\u0142ugi w zakresie infrastruktury. Firma, wraz z zespo\u0142em wsp\u00f3\u0142pracownik\u00f3w, specjalizuje si\u0119 w \u015bwiadczeniu wysokiej jako\u015bci us\u0142ug in\u017cynieryjnych oraz projektowych. Nasze Us\u0142ugi: 1. Pe\u0142nienie Funkcji In\u017cyniera Kontraktu FIDIC: Zapewniamy profesjonalne wsparcie na ka\u017cdym etapie projektu, pe\u0142ni\u0105c funkcj\u0119 in\u017cyniera Kontraktu FIDIC, zgodnie z&hellip; <br \/> <a class=\"read-more\" href=\"https:\/\/swist.tech\/?page_id=113\">Dowiedz si\u0119 wi\u0119cej<\/a><\/p>\n","protected":false},"author":1,"featured_media":0,"parent":0,"menu_order":0,"comment_status":"closed","ping_status":"closed","template":"","meta":{"footnotes":""},"class_list":["post-113","page","type-page","status-publish","hentry"],"_links":{"self":[{"href":"https:\/\/swist.tech\/index.php?rest_route=\/wp\/v2\/pages\/113","targetHints":{"allow":["GET"]}}],"collection":[{"href":"https:\/\/swist.tech\/index.php?rest_route=\/wp\/v2\/pages"}],"about":[{"href":"https:\/\/swist.tech\/index.php?rest_route=\/wp\/v2\/types\/page"}],"author":[{"embeddable":true,"href":"https:\/\/swist.tech\/index.php?rest_route=\/wp\/v2\/users\/1"}],"replies":[{"embeddable":true,"href":"https:\/\/swist.tech\/index.php?rest_route=%2Fwp%2Fv2%2Fcomments&post=113"}],"version-history":[{"count":18,"href":"https:\/\/swist.tech\/index.php?rest_route=\/wp\/v2\/pages\/113\/revisions"}],"predecessor-version":[{"id":162,"href":"https:\/\/swist.tech\/index.php?rest_route=\/wp\/v2\/pages\/113\/revisions\/162"}],"wp:attachment":[{"href":"https:\/\/swist.tech\/index.php?rest_route=%2Fwp%2Fv2%2Fmedia&parent=113"}],"curies":[{"name":"wp","href":"https:\/\/api.w.org\/{rel}","templated":true}]}}