{"id":139,"date":"2023-12-14T23:52:31","date_gmt":"2023-12-14T22:52:31","guid":{"rendered":"https:\/\/swist.tech\/?page_id=139"},"modified":"2023-12-15T00:27:01","modified_gmt":"2023-12-14T23:27:01","slug":"hydro-geo","status":"publish","type":"page","link":"https:\/\/swist.tech\/?page_id=139","title":{"rendered":"HYDRO GEO"},"content":{"rendered":"\n<p><\/p>\n\n\n<div class=\"wp-block-image\">\n<figure class=\"aligncenter size-full is-resized\"><img loading=\"lazy\" decoding=\"async\" width=\"323\" height=\"189\" src=\"http:\/\/swist.tech\/wp-content\/uploads\/2023\/12\/JS.jpg\" alt=\"\" class=\"wp-image-140\" style=\"width:312px;height:auto\" srcset=\"https:\/\/swist.tech\/wp-content\/uploads\/2023\/12\/JS.jpg 323w, https:\/\/swist.tech\/wp-content\/uploads\/2023\/12\/JS-300x176.jpg 300w\" sizes=\"auto, (max-width: 323px) 100vw, 323px\" \/><\/figure>\n<\/div>\n\n\n<p><\/p>\n\n\n\n<p class=\"has-black-color has-text-color has-link-color has-medium-font-size wp-elements-3e98fee2b8b8795f95199781673b09ed\" style=\"font-style:normal;font-weight:500\">Hydro Geo Jacek \u015awist to firma specjalizuj\u0105ca si\u0119 w obszarze geotechniki, geologii in\u017cynierskiej oraz hydrogeologii.<br>Firma oferuje kompleksowe us\u0142ugi, dostarczaj\u0105c wysokiej jako\u015bci rozwi\u0105zania w zakresie dokumentacji geotechnicznej,<br>bada\u0144 gruntu i projekt\u00f3w geologicznych.<br>Nasze us\u0142ugi:<\/p>\n\n\n\n<p class=\"has-black-color has-text-color has-link-color has-medium-font-size wp-elements-05d1076ef12c7783c7de247df4130a6a\" style=\"font-style:normal;font-weight:500\"><strong>1.Dokumentacje Geotechniczne:<\/strong> Przygotowujemy kompleksowe dokumentacje geotechniczne niezb\u0119dne do bezpiecznego posadowienia obiekt\u00f3w budowlanych. Nasze raporty uwzgl\u0119dniaj\u0105 wszelkie istotne aspekty warunk\u00f3w gruntowo-wodnych.<\/p>\n\n\n\n<p class=\"has-black-color has-text-color has-link-color has-medium-font-size wp-elements-496a2e374daac604b59487eb99603e54\" style=\"font-style:normal;font-weight:500\"><strong>2.Projekty Geologiczne:<\/strong> Realizujemy projekty geologiczne, dostarczaj\u0105c klientom kompleksowe analizy warunk\u00f3w geologicznych terenu oraz propozycje rozwi\u0105za\u0144 adaptacyjnych.<\/p>\n\n\n\n<p class=\"has-black-color has-text-color has-link-color has-medium-font-size wp-elements-6b66c461eabb67941c54420c562467b0\" style=\"font-style:normal;font-weight:500\"><strong>3.Badania Grunt\u00f3w:<\/strong> Przeprowadzamy badania geologiczne gruntu w celu oceny jego parametr\u00f3w fizycznych i chemicznych, a tak\u017ce przydatno\u015bci do cel\u00f3w budowlanych.<\/p>\n\n\n\n<p class=\"has-black-color has-text-color has-link-color has-medium-font-size wp-elements-50ffaf5f3f2dcef356bce5ed44f466de\" style=\"font-style:normal;font-weight:500\"><strong>4.Hydrogeologia:<\/strong> \u015awiadczymy us\u0142ugi z zakresu hydrogeologii, w tym opinie hydrogeologiczne oraz dokumentacje geologiczno-in\u017cynierskie, niezb\u0119dne przy planowaniu i realizacji inwestycji.<\/p>\n\n\n\n<p class=\"has-black-color has-text-color has-link-color has-medium-font-size wp-elements-d713aff683e7a5090e4a1e5188341a4b\" style=\"font-style:normal;font-weight:500\"><strong>5.Nadzory Geotechniczne:<\/strong> Zapewniamy nadzory geologiczno-geotechniczne w trakcie r\u00f3\u017cnych etap\u00f3w prac budowlanych, dbaj\u0105c o zgodno\u015b\u0107 z normami i projektami.<\/p>\n\n\n\n<p class=\"has-black-color has-text-color has-link-color has-medium-font-size wp-elements-a9719e650edb670e4f24de270169dcbe\" style=\"font-style:normal;font-weight:500\"><strong>6.Wiercenia Geologiczne:<\/strong> Przeprowadzamy wiercenia geologiczne, w tym wiercenia studni i piezometr\u00f3w, dostarczaj\u0105c niezb\u0119dne informacje o warunkach gruntowych.<\/p>\n\n\n\n<p class=\"has-black-color has-text-color has-link-color has-medium-font-size wp-elements-bb2c872fb235efbcbb6969c26e1caaa3\" style=\"font-style:normal;font-weight:500\"><strong>7.Sondowania Dynamiczne:<\/strong> Wykonujemy sondowania dynamiczne sond\u0105 lekk\u0105 DPL, umo\u017cliwiaj\u0105ce skuteczne badanie stopnia zag\u0119szczania grunt\u00f3w rodzimych i nasyp\u00f3w.<\/p>\n\n\n\n<p class=\"has-black-color has-text-color has-link-color has-medium-font-size wp-elements-83344003eb158b4392aaee89c148ff15\" style=\"font-style:normal;font-weight:500\">Hydro Geo Jacek \u015awist to partner, na kt\u00f3rego mo\u017cna polega\u0107, dostarczaj\u0105ce kompleksowe rozwi\u0105zania in\u017cynieryjne. Skontaktuj si\u0119 z nami, aby rozpocz\u0105\u0107 wsp\u00f3\u0142prac\u0119 i zrealizowa\u0107 swoje projekty z profesjonalizmem i zaanga\u017cowaniem na jakie zas\u0142ugujesz.<\/p>\n\n\n\n<p><\/p>\n","protected":false},"excerpt":{"rendered":"<p>Hydro Geo Jacek \u015awist to firma specjalizuj\u0105ca si\u0119 w obszarze geotechniki, geologii in\u017cynierskiej oraz hydrogeologii.Firma oferuje kompleksowe us\u0142ugi, dostarczaj\u0105c wysokiej jako\u015bci rozwi\u0105zania w zakresie dokumentacji geotechnicznej,bada\u0144 gruntu i projekt\u00f3w geologicznych.Nasze us\u0142ugi: 1.Dokumentacje Geotechniczne: Przygotowujemy kompleksowe dokumentacje geotechniczne niezb\u0119dne do bezpiecznego posadowienia obiekt\u00f3w budowlanych. Nasze raporty uwzgl\u0119dniaj\u0105 wszelkie istotne aspekty warunk\u00f3w gruntowo-wodnych. 2.Projekty Geologiczne: Realizujemy projekty&hellip; <br \/> <a class=\"read-more\" href=\"https:\/\/swist.tech\/?page_id=139\">Dowiedz si\u0119 wi\u0119cej<\/a><\/p>\n","protected":false},"author":1,"featured_media":0,"parent":0,"menu_order":0,"comment_status":"closed","ping_status":"closed","template":"","meta":{"footnotes":""},"class_list":["post-139","page","type-page","status-publish","hentry"],"_links":{"self":[{"href":"https:\/\/swist.tech\/index.php?rest_route=\/wp\/v2\/pages\/139","targetHints":{"allow":["GET"]}}],"collection":[{"href":"https:\/\/swist.tech\/index.php?rest_route=\/wp\/v2\/pages"}],"about":[{"href":"https:\/\/swist.tech\/index.php?rest_route=\/wp\/v2\/types\/page"}],"author":[{"embeddable":true,"href":"https:\/\/swist.tech\/index.php?rest_route=\/wp\/v2\/users\/1"}],"replies":[{"embeddable":true,"href":"https:\/\/swist.tech\/index.php?rest_route=%2Fwp%2Fv2%2Fcomments&post=139"}],"version-history":[{"count":4,"href":"https:\/\/swist.tech\/index.php?rest_route=\/wp\/v2\/pages\/139\/revisions"}],"predecessor-version":[{"id":159,"href":"https:\/\/swist.tech\/index.php?rest_route=\/wp\/v2\/pages\/139\/revisions\/159"}],"wp:attachment":[{"href":"https:\/\/swist.tech\/index.php?rest_route=%2Fwp%2Fv2%2Fmedia&parent=139"}],"curies":[{"name":"wp","href":"https:\/\/api.w.org\/{rel}","templated":true}]}}