{"id":17,"date":"2023-11-09T00:49:56","date_gmt":"2023-11-08T23:49:56","guid":{"rendered":"https:\/\/swist.tech\/?page_id=17"},"modified":"2025-04-29T13:06:57","modified_gmt":"2025-04-29T11:06:57","slug":"kontakt","status":"publish","type":"page","link":"https:\/\/swist.tech\/?page_id=17","title":{"rendered":"KONTAK"},"content":{"rendered":"\n<p class=\"has-text-align-center\"><\/p>\n\n\n<div class=\"wp-block-image\">\n<figure class=\"aligncenter size-full\"><img loading=\"lazy\" decoding=\"async\" width=\"323\" height=\"189\" src=\"https:\/\/swist.tech\/wp-content\/uploads\/2023\/11\/JS.jpg\" alt=\"\" class=\"wp-image-70\" srcset=\"https:\/\/swist.tech\/wp-content\/uploads\/2023\/11\/JS.jpg 323w, https:\/\/swist.tech\/wp-content\/uploads\/2023\/11\/JS-300x176.jpg 300w\" sizes=\"auto, (max-width: 323px) 100vw, 323px\" \/><\/figure>\n<\/div>\n\n\n<p><\/p>\n\n\n\n<p class=\"has-text-align-center has-black-color has-text-color has-link-color has-medium-font-size wp-elements-5acb089dd78f503f407d17b1a239d4fc\" style=\"font-style:normal;font-weight:500\"><strong>Jacek \u015awist<\/strong><\/p>\n\n\n\n<p class=\"has-text-align-center has-black-color has-text-color has-link-color has-medium-font-size wp-elements-7ae4a5577f9b24129049e01ed4a051f2\" style=\"font-style:normal;font-weight:500\">64-800 Chodzie\u017c<\/p>\n\n\n\n<p class=\"has-text-align-center has-black-color has-text-color has-link-color has-medium-font-size wp-elements-2b08dbeae517eb957db19c09df854a9b\" style=\"font-style:normal;font-weight:500\">ul. K. Przerwy &#8211; Tetmajera 3<\/p>\n\n\n\n<p class=\"has-text-align-center has-black-color has-text-color has-link-color has-medium-font-size wp-elements-8fa49a806826a070d4f0fdd8b0f22415\" style=\"font-style:normal;font-weight:500\">Tel. 606 198 507<\/p>\n\n\n\n<p class=\"has-text-align-center has-black-color has-text-color has-link-color has-medium-font-size wp-elements-f336815256e79523757aa069a4f788e3\" style=\"font-style:normal;font-weight:500\">hydrogeoinzynieria@gmail.com, jacek@swist.tech<\/p>\n\n\n<div class=\"wp-block-image\">\n<figure class=\"aligncenter\"><img loading=\"lazy\" decoding=\"async\" width=\"321\" height=\"348\" src=\"http:\/\/swist.tech\/wp-content\/uploads\/2023\/11\/CS.jpg\" alt=\"\" class=\"wp-image-39\" srcset=\"https:\/\/swist.tech\/wp-content\/uploads\/2023\/11\/CS.jpg 321w, https:\/\/swist.tech\/wp-content\/uploads\/2023\/11\/CS-277x300.jpg 277w\" sizes=\"auto, (max-width: 321px) 100vw, 321px\" \/><\/figure>\n<\/div>\n\n\n<p class=\"has-text-align-center\"><\/p>\n\n\n\n<p class=\"has-text-align-center has-black-color has-text-color has-link-color has-medium-font-size wp-elements-d0f223218aa1a8180bf1f0b54f0d8c8d\" style=\"font-style:normal;font-weight:500\"><strong>mgr in\u017c. Cezary \u015awist<\/strong><\/p>\n\n\n\n<p class=\"has-text-align-center has-black-color has-text-color has-link-color has-medium-font-size wp-elements-7e96dd507a02240891a5ab31c0cb7f4e\" style=\"font-style:normal;font-weight:500\">64-800 Chodzie\u017c&nbsp;<\/p>\n\n\n\n<p class=\"has-text-align-center has-black-color has-text-color has-link-color has-medium-font-size wp-elements-9770b1fe239de65773126c37393c50bd\" style=\"font-style:normal;font-weight:500\">ul. Topolowa 30<\/p>\n\n\n\n<p class=\"has-text-align-center has-black-color has-text-color has-link-color has-medium-font-size wp-elements-9a7099f14844c0755a9874feb93f34db\" style=\"font-style:normal;font-weight:500\">Tel. 602 828 281<\/p>\n\n\n\n<p class=\"has-text-align-center has-black-color has-text-color has-link-color has-medium-font-size wp-elements-cd509dd96be17517fc0e7a8b1b2f9cc3\" style=\"font-style:normal;font-weight:500\">cezary.swist.group@gmail.com, cezary@swist.tech<\/p>\n\n\n\n<p class=\"has-text-align-center has-black-color has-text-color has-link-color has-medium-font-size wp-elements-818002d9aebc5b124bd9d7522f21b451\" style=\"font-style:normal;font-weight:500\">magdalena@swist.tech<\/p>\n\n\n\n<p class=\"has-text-align-center has-black-color has-text-color has-link-color has-medium-font-size wp-elements-d509008739722b49209a42c7f8ad2eea\" style=\"font-style:normal;font-weight:500\">jakub@swist.tech<\/p>\n","protected":false},"excerpt":{"rendered":"<p>Jacek \u015awist 64-800 Chodzie\u017c ul. K. Przerwy &#8211; Tetmajera 3 Tel. 606 198 507 hydrogeoinzynieria@gmail.com, jacek@swist.tech mgr in\u017c. Cezary \u015awist 64-800 Chodzie\u017c&nbsp; ul. Topolowa 30 Tel. 602 828 281 cezary.swist.group@gmail.com, cezary@swist.tech magdalena@swist.tech jakub@swist.tech<\/p>\n","protected":false},"author":1,"featured_media":0,"parent":0,"menu_order":0,"comment_status":"closed","ping_status":"closed","template":"","meta":{"footnotes":""},"class_list":["post-17","page","type-page","status-publish","hentry"],"_links":{"self":[{"href":"https:\/\/swist.tech\/index.php?rest_route=\/wp\/v2\/pages\/17","targetHints":{"allow":["GET"]}}],"collection":[{"href":"https:\/\/swist.tech\/index.php?rest_route=\/wp\/v2\/pages"}],"about":[{"href":"https:\/\/swist.tech\/index.php?rest_route=\/wp\/v2\/types\/page"}],"author":[{"embeddable":true,"href":"https:\/\/swist.tech\/index.php?rest_route=\/wp\/v2\/users\/1"}],"replies":[{"embeddable":true,"href":"https:\/\/swist.tech\/index.php?rest_route=%2Fwp%2Fv2%2Fcomments&post=17"}],"version-history":[{"count":39,"href":"https:\/\/swist.tech\/index.php?rest_route=\/wp\/v2\/pages\/17\/revisions"}],"predecessor-version":[{"id":179,"href":"https:\/\/swist.tech\/index.php?rest_route=\/wp\/v2\/pages\/17\/revisions\/179"}],"wp:attachment":[{"href":"https:\/\/swist.tech\/index.php?rest_route=%2Fwp%2Fv2%2Fmedia&parent=17"}],"curies":[{"name":"wp","href":"https:\/\/api.w.org\/{rel}","templated":true}]}}