{"id":82,"date":"2023-11-18T18:22:29","date_gmt":"2023-11-18T17:22:29","guid":{"rendered":"https:\/\/swist.tech\/?page_id=82"},"modified":"2023-12-15T00:44:11","modified_gmt":"2023-12-14T23:44:11","slug":"o-nas","status":"publish","type":"page","link":"https:\/\/swist.tech\/?page_id=82","title":{"rendered":"GRUPA \u015aWIST"},"content":{"rendered":"\n<p class=\"has-black-color has-text-color has-link-color has-medium-font-size wp-elements-f2e11a5d1d243d45906daf88538b33a6\" style=\"font-style:normal;font-weight:500\">Od wielu lat, dzi\u0119ki ojcu, Cezary i Jacek zwi\u0105zani s\u0105 z tematyk\u0105 prac ziemnych oraz in\u017cynieri\u0105 sanitarn\u0105.<br>Po zako\u0144czeniu studi\u00f3w Cezary rozpocz\u0105\u0142 prac\u0119 w przedsi\u0119biorstwie wodoci\u0105gowym i jednocze\u015bnie<br>rozpocz\u0105\u0142 praktyk\u0119 projektow\u0105. Nast\u0119pnie przez kilka lat pracowa\u0142 w firmie wykonawczej realizuj\u0105c jako<br>kierownik budowy skomplikowane budowy z bran\u017cy sanitarnej. Obecnie Cezary projektuje, nadzoruje<br>oraz kieruje robotami.<br>Jacek, jeszcze b\u0119d\u0105c studentem, rozpocz\u0105\u0142 indywidualna praktyk\u0119 geologiczn\u0105. Wsp\u00f3\u0142pracuje z firmami<br>projektowymi i wykonawczymi w pe\u0142nym zakresie obs\u0142ugi geologicznej.<br>Po uko\u0144czeniu studi\u00f3w obaj bracia nadal kontynuowali nauk\u0119 na studiach podyplomowych oraz<br>specjalistycznych kursach, dysponuj\u0105 uprawnieniami:<\/p>\n\n\n\n<ul class=\"has-black-color has-text-color has-link-color has-medium-font-size wp-block-list wp-elements-7c160c93084d0b7538e004a7319ab3ee\">\n<li style=\"font-style:normal;font-weight:500\">budowlanymi w zakresie sieci i instalacji sanitarnych do projektowania, kierowania i nadzorowania rob\u00f3t<br>bez ogranicze\u0144<\/li>\n\n\n\n<li style=\"font-style:normal;font-weight:500\">geologicznymi kategorii V, VII, XI, XII<\/li>\n\n\n\n<li style=\"font-style:normal;font-weight:500\">in\u017cyniera kontraktu w zakresie FIDIC<\/li>\n\n\n\n<li style=\"font-style:normal;font-weight:500\">audytora energetycznego<\/li>\n\n\n\n<li style=\"font-style:normal;font-weight:500\">MBA<\/li>\n<\/ul>\n","protected":false},"excerpt":{"rendered":"<p>Od wielu lat, dzi\u0119ki ojcu, Cezary i Jacek zwi\u0105zani s\u0105 z tematyk\u0105 prac ziemnych oraz in\u017cynieri\u0105 sanitarn\u0105.Po zako\u0144czeniu studi\u00f3w Cezary rozpocz\u0105\u0142 prac\u0119 w przedsi\u0119biorstwie wodoci\u0105gowym i jednocze\u015bnierozpocz\u0105\u0142 praktyk\u0119 projektow\u0105. Nast\u0119pnie przez kilka lat pracowa\u0142 w firmie wykonawczej realizuj\u0105c jakokierownik budowy skomplikowane budowy z bran\u017cy sanitarnej. Obecnie Cezary projektuje, nadzorujeoraz kieruje robotami.Jacek, jeszcze b\u0119d\u0105c studentem, rozpocz\u0105\u0142&hellip; <br \/> <a class=\"read-more\" href=\"https:\/\/swist.tech\/?page_id=82\">Dowiedz si\u0119 wi\u0119cej<\/a><\/p>\n","protected":false},"author":1,"featured_media":0,"parent":0,"menu_order":0,"comment_status":"closed","ping_status":"closed","template":"","meta":{"footnotes":""},"class_list":["post-82","page","type-page","status-publish","hentry"],"_links":{"self":[{"href":"https:\/\/swist.tech\/index.php?rest_route=\/wp\/v2\/pages\/82","targetHints":{"allow":["GET"]}}],"collection":[{"href":"https:\/\/swist.tech\/index.php?rest_route=\/wp\/v2\/pages"}],"about":[{"href":"https:\/\/swist.tech\/index.php?rest_route=\/wp\/v2\/types\/page"}],"author":[{"embeddable":true,"href":"https:\/\/swist.tech\/index.php?rest_route=\/wp\/v2\/users\/1"}],"replies":[{"embeddable":true,"href":"https:\/\/swist.tech\/index.php?rest_route=%2Fwp%2Fv2%2Fcomments&post=82"}],"version-history":[{"count":14,"href":"https:\/\/swist.tech\/index.php?rest_route=\/wp\/v2\/pages\/82\/revisions"}],"predecessor-version":[{"id":165,"href":"https:\/\/swist.tech\/index.php?rest_route=\/wp\/v2\/pages\/82\/revisions\/165"}],"wp:attachment":[{"href":"https:\/\/swist.tech\/index.php?rest_route=%2Fwp%2Fv2%2Fmedia&parent=82"}],"curies":[{"name":"wp","href":"https:\/\/api.w.org\/{rel}","templated":true}]}}